{"id":111,"date":"2021-02-26T11:27:37","date_gmt":"2021-02-26T11:27:37","guid":{"rendered":"http:\/\/www.hopupusurfcadiz.com\/?page_id=111"},"modified":"2026-04-09T12:12:34","modified_gmt":"2026-04-09T10:12:34","slug":"somos","status":"publish","type":"page","link":"https:\/\/hopupusurfcadiz.com\/en\/somos\/","title":{"rendered":"Are"},"content":{"rendered":"<div data-elementor-type=\"wp-page\" data-elementor-id=\"111\" class=\"elementor elementor-111\" data-elementor-post-type=\"page\">\n\t\t\t\t\t\t<section class=\"elementor-section elementor-top-section elementor-element elementor-element-18fa60f elementor-section-full_width elementor-section-height-default elementor-section-height-default\" data-id=\"18fa60f\" data-element_type=\"section\" data-e-type=\"section\" data-settings=\"{&quot;background_background&quot;:&quot;classic&quot;}\">\n\t\t\t\t\t\t<div class=\"elementor-container elementor-column-gap-default\">\n\t\t\t\t\t<div class=\"elementor-column elementor-col-100 elementor-top-column elementor-element elementor-element-be086db\" data-id=\"be086db\" data-element_type=\"column\" data-e-type=\"column\">\n\t\t\t<div class=\"elementor-widget-wrap elementor-element-populated\">\n\t\t\t\t\t\t<div class=\"elementor-element elementor-element-f5fe6fe elementor-widget elementor-widget-heading\" data-id=\"f5fe6fe\" data-element_type=\"widget\" data-e-type=\"widget\" data-widget_type=\"heading.default\">\n\t\t\t\t<div class=\"elementor-widget-container\">\n\t\t\t\t\t<h1 class=\"elementor-heading-title elementor-size-default\">Meet our team<\/h1>\t\t\t\t<\/div>\n\t\t\t\t<\/div>\n\t\t\t\t<div class=\"elementor-element elementor-element-63a1536 elementor-widget elementor-widget-heading\" data-id=\"63a1536\" data-element_type=\"widget\" data-e-type=\"widget\" data-widget_type=\"heading.default\">\n\t\t\t\t<div class=\"elementor-widget-container\">\n\t\t\t\t\t<p class=\"elementor-heading-title elementor-size-default\">Surfing and the sea are our life.<\/p>\t\t\t\t<\/div>\n\t\t\t\t<\/div>\n\t\t\t\t\t<\/div>\n\t\t<\/div>\n\t\t\t\t\t<\/div>\n\t\t<\/section>\n\t\t\t\t<section class=\"elementor-section elementor-top-section elementor-element elementor-element-890ea06 elementor-section-boxed elementor-section-height-default elementor-section-height-default\" data-id=\"890ea06\" data-element_type=\"section\" data-e-type=\"section\">\n\t\t\t\t\t\t<div class=\"elementor-container elementor-column-gap-default\">\n\t\t\t\t\t<div class=\"elementor-column elementor-col-100 elementor-top-column elementor-element elementor-element-33ffc5a\" data-id=\"33ffc5a\" data-element_type=\"column\" data-e-type=\"column\">\n\t\t\t<div class=\"elementor-widget-wrap elementor-element-populated\">\n\t\t\t\t\t\t<div class=\"elementor-element elementor-element-7ef0a38 elementor-widget__width-initial elementor-widget-mobile__width-initial elementor-widget elementor-widget-image\" data-id=\"7ef0a38\" data-element_type=\"widget\" data-e-type=\"widget\" data-widget_type=\"image.default\">\n\t\t\t\t<div class=\"elementor-widget-container\">\n\t\t\t\t\t\t\t\t\t\t\t\t\t\t\t<img fetchpriority=\"high\" decoding=\"async\" width=\"768\" height=\"768\" src=\"https:\/\/hopupusurfcadiz.com\/wp-content\/uploads\/2021\/09\/willy-768x768.jpg\" class=\"attachment-medium_large size-medium_large wp-image-2273\" alt=\"Willy, director t\u00e9cnico con m\u00e1s de 20 a\u00f1os impartiendo clases de surf.\" srcset=\"https:\/\/hopupusurfcadiz.com\/wp-content\/uploads\/2021\/09\/willy-768x768.jpg 768w, https:\/\/hopupusurfcadiz.com\/wp-content\/uploads\/2021\/09\/willy-300x300.jpg 300w, https:\/\/hopupusurfcadiz.com\/wp-content\/uploads\/2021\/09\/willy-1024x1024.jpg 1024w, https:\/\/hopupusurfcadiz.com\/wp-content\/uploads\/2021\/09\/willy-150x150.jpg 150w, https:\/\/hopupusurfcadiz.com\/wp-content\/uploads\/2021\/09\/willy-1536x1536.jpg 1536w, https:\/\/hopupusurfcadiz.com\/wp-content\/uploads\/2021\/09\/willy-2048x2048.jpg 2048w, https:\/\/hopupusurfcadiz.com\/wp-content\/uploads\/2021\/09\/willy-1200x1200.jpg 1200w, https:\/\/hopupusurfcadiz.com\/wp-content\/uploads\/2021\/09\/willy-100x100.jpg 100w\" sizes=\"(max-width: 768px) 100vw, 768px\" \/>\t\t\t\t\t\t\t\t\t\t\t\t\t\t\t<\/div>\n\t\t\t\t<\/div>\n\t\t\t\t<div class=\"elementor-element elementor-element-9e2e517 elementor-widget__width-initial elementor-widget-mobile__width-initial elementor-widget elementor-widget-image\" data-id=\"9e2e517\" data-element_type=\"widget\" data-e-type=\"widget\" data-widget_type=\"image.default\">\n\t\t\t\t<div class=\"elementor-widget-container\">\n\t\t\t\t\t\t\t\t\t\t\t\t\t\t\t<img decoding=\"async\" width=\"768\" height=\"768\" src=\"https:\/\/hopupusurfcadiz.com\/wp-content\/uploads\/2021\/09\/willy_cadiz-768x768.jpg\" class=\"attachment-medium_large size-medium_large wp-image-2274\" alt=\"Willy de Hopupu Surf C\u00e1diz.\" srcset=\"https:\/\/hopupusurfcadiz.com\/wp-content\/uploads\/2021\/09\/willy_cadiz-768x768.jpg 768w, https:\/\/hopupusurfcadiz.com\/wp-content\/uploads\/2021\/09\/willy_cadiz-300x300.jpg 300w, https:\/\/hopupusurfcadiz.com\/wp-content\/uploads\/2021\/09\/willy_cadiz-1024x1024.jpg 1024w, https:\/\/hopupusurfcadiz.com\/wp-content\/uploads\/2021\/09\/willy_cadiz-150x150.jpg 150w, https:\/\/hopupusurfcadiz.com\/wp-content\/uploads\/2021\/09\/willy_cadiz-1536x1536.jpg 1536w, https:\/\/hopupusurfcadiz.com\/wp-content\/uploads\/2021\/09\/willy_cadiz-2048x2048.jpg 2048w, https:\/\/hopupusurfcadiz.com\/wp-content\/uploads\/2021\/09\/willy_cadiz-1200x1200.jpg 1200w, https:\/\/hopupusurfcadiz.com\/wp-content\/uploads\/2021\/09\/willy_cadiz-100x100.jpg 100w\" sizes=\"(max-width: 768px) 100vw, 768px\" \/>\t\t\t\t\t\t\t\t\t\t\t\t\t\t\t<\/div>\n\t\t\t\t<\/div>\n\t\t\t\t<div class=\"elementor-element elementor-element-4e8a6a6 elementor-widget__width-initial elementor-widget-mobile__width-initial elementor-widget elementor-widget-image\" data-id=\"4e8a6a6\" data-element_type=\"widget\" data-e-type=\"widget\" data-widget_type=\"image.default\">\n\t\t\t\t<div class=\"elementor-widget-container\">\n\t\t\t\t\t\t\t\t\t\t\t\t\t\t\t<img decoding=\"async\" width=\"768\" height=\"768\" src=\"https:\/\/hopupusurfcadiz.com\/wp-content\/uploads\/2021\/09\/surf_dog-768x768.jpg\" class=\"attachment-medium_large size-medium_large wp-image-2278\" alt=\"Perro surfero, el mejor amigo de Willy\" srcset=\"https:\/\/hopupusurfcadiz.com\/wp-content\/uploads\/2021\/09\/surf_dog-768x768.jpg 768w, https:\/\/hopupusurfcadiz.com\/wp-content\/uploads\/2021\/09\/surf_dog-300x300.jpg 300w, https:\/\/hopupusurfcadiz.com\/wp-content\/uploads\/2021\/09\/surf_dog-1024x1024.jpg 1024w, https:\/\/hopupusurfcadiz.com\/wp-content\/uploads\/2021\/09\/surf_dog-150x150.jpg 150w, https:\/\/hopupusurfcadiz.com\/wp-content\/uploads\/2021\/09\/surf_dog-1536x1536.jpg 1536w, https:\/\/hopupusurfcadiz.com\/wp-content\/uploads\/2021\/09\/surf_dog-2048x2048.jpg 2048w, https:\/\/hopupusurfcadiz.com\/wp-content\/uploads\/2021\/09\/surf_dog-1200x1200.jpg 1200w, https:\/\/hopupusurfcadiz.com\/wp-content\/uploads\/2021\/09\/surf_dog-100x100.jpg 100w\" sizes=\"(max-width: 768px) 100vw, 768px\" \/>\t\t\t\t\t\t\t\t\t\t\t\t\t\t\t<\/div>\n\t\t\t\t<\/div>\n\t\t\t\t\t<\/div>\n\t\t<\/div>\n\t\t\t\t\t<\/div>\n\t\t<\/section>\n\t\t\t\t<section class=\"elementor-section elementor-top-section elementor-element elementor-element-1f300b4 elementor-section-boxed elementor-section-height-default elementor-section-height-default\" data-id=\"1f300b4\" data-element_type=\"section\" data-e-type=\"section\">\n\t\t\t\t\t\t<div class=\"elementor-container elementor-column-gap-default\">\n\t\t\t\t\t<div class=\"elementor-column elementor-col-50 elementor-top-column elementor-element elementor-element-e8552b4\" data-id=\"e8552b4\" data-element_type=\"column\" data-e-type=\"column\">\n\t\t\t<div class=\"elementor-widget-wrap elementor-element-populated\">\n\t\t\t\t\t\t<div class=\"elementor-element elementor-element-7750d93 elementor-widget elementor-widget-heading\" data-id=\"7750d93\" data-element_type=\"widget\" data-e-type=\"widget\" data-widget_type=\"heading.default\">\n\t\t\t\t<div class=\"elementor-widget-container\">\n\t\t\t\t\t<h2 class=\"elementor-heading-title elementor-size-default\">Willy \u00c1lvarez<\/h2>\t\t\t\t<\/div>\n\t\t\t\t<\/div>\n\t\t\t\t<div class=\"elementor-element elementor-element-6e1b593 olab-decorative-border elementor-widget__width-auto elementor-widget-divider--view-line elementor-widget elementor-widget-divider\" data-id=\"6e1b593\" data-element_type=\"widget\" data-e-type=\"widget\" data-widget_type=\"divider.default\">\n\t\t\t\t<div class=\"elementor-widget-container\">\n\t\t\t\t\t\t\t<div class=\"elementor-divider\">\n\t\t\t<span class=\"elementor-divider-separator\">\n\t\t\t\t\t\t<\/span>\n\t\t<\/div>\n\t\t\t\t\t\t<\/div>\n\t\t\t\t<\/div>\n\t\t\t\t<div class=\"elementor-element elementor-element-eaf9a85 elementor-widget elementor-widget-text-editor\" data-id=\"eaf9a85\" data-element_type=\"widget\" data-e-type=\"widget\" data-widget_type=\"text-editor.default\">\n\t\t\t\t<div class=\"elementor-widget-container\">\n\t\t\t\t\t\t\t\t\t<p>The Kahuna<\/p>\t\t\t\t\t\t\t\t<\/div>\n\t\t\t\t<\/div>\n\t\t\t\t<div class=\"elementor-element elementor-element-76db6e3 elementor-widget__width-initial elementor-widget elementor-widget-text-editor\" data-id=\"76db6e3\" data-element_type=\"widget\" data-e-type=\"widget\" data-widget_type=\"text-editor.default\">\n\t\t\t\t<div class=\"elementor-widget-container\">\n\t\t\t\t\t\t\t\t\t<p>Technical director with over 20 years of experience teaching. An international surf judge since 1996, he is an expert in safety and organizing activities in the marine environment.<br \/>With its natural, technical training method, &quot;Surfit&quot; perfects the most advanced students. You&#039;ll have fun learning from beginner to competitive, and you&#039;ll discover your true potential. &quot;Kahuna&quot; will help you connect with yourself and the wave.<\/p>\t\t\t\t\t\t\t\t<\/div>\n\t\t\t\t<\/div>\n\t\t\t\t\t<\/div>\n\t\t<\/div>\n\t\t\t\t<div class=\"elementor-column elementor-col-50 elementor-top-column elementor-element elementor-element-9ecc6b8\" data-id=\"9ecc6b8\" data-element_type=\"column\" data-e-type=\"column\">\n\t\t\t<div class=\"elementor-widget-wrap\">\n\t\t\t\t\t\t\t<\/div>\n\t\t<\/div>\n\t\t\t\t\t<\/div>\n\t\t<\/section>\n\t\t\t\t<section class=\"elementor-section elementor-top-section elementor-element elementor-element-31ea3a7 elementor-section-boxed elementor-section-height-default elementor-section-height-default\" data-id=\"31ea3a7\" data-element_type=\"section\" data-e-type=\"section\">\n\t\t\t\t\t\t<div class=\"elementor-container elementor-column-gap-default\">\n\t\t\t\t\t<div class=\"elementor-column elementor-col-100 elementor-top-column elementor-element elementor-element-0d83d2f\" data-id=\"0d83d2f\" data-element_type=\"column\" data-e-type=\"column\">\n\t\t\t<div class=\"elementor-widget-wrap elementor-element-populated\">\n\t\t\t\t\t\t<div class=\"elementor-element elementor-element-298cae2 elementor-widget__width-initial elementor-widget-mobile__width-initial elementor-widget elementor-widget-image\" data-id=\"298cae2\" data-element_type=\"widget\" data-e-type=\"widget\" data-widget_type=\"image.default\">\n\t\t\t\t<div class=\"elementor-widget-container\">\n\t\t\t\t\t\t\t\t\t\t\t\t\t\t\t<img loading=\"lazy\" decoding=\"async\" width=\"768\" height=\"768\" src=\"https:\/\/hopupusurfcadiz.com\/wp-content\/uploads\/2021\/09\/laura-768x768.jpg\" class=\"attachment-medium_large size-medium_large wp-image-2275\" alt=\"Laura, monitora de tecnificaci\u00f3n.\" srcset=\"https:\/\/hopupusurfcadiz.com\/wp-content\/uploads\/2021\/09\/laura-768x768.jpg 768w, https:\/\/hopupusurfcadiz.com\/wp-content\/uploads\/2021\/09\/laura-300x300.jpg 300w, https:\/\/hopupusurfcadiz.com\/wp-content\/uploads\/2021\/09\/laura-1024x1024.jpg 1024w, https:\/\/hopupusurfcadiz.com\/wp-content\/uploads\/2021\/09\/laura-150x150.jpg 150w, https:\/\/hopupusurfcadiz.com\/wp-content\/uploads\/2021\/09\/laura-1536x1536.jpg 1536w, https:\/\/hopupusurfcadiz.com\/wp-content\/uploads\/2021\/09\/laura-2048x2048.jpg 2048w, https:\/\/hopupusurfcadiz.com\/wp-content\/uploads\/2021\/09\/laura-1200x1200.jpg 1200w, https:\/\/hopupusurfcadiz.com\/wp-content\/uploads\/2021\/09\/laura-100x100.jpg 100w\" sizes=\"(max-width: 768px) 100vw, 768px\" \/>\t\t\t\t\t\t\t\t\t\t\t\t\t\t\t<\/div>\n\t\t\t\t<\/div>\n\t\t\t\t<div class=\"elementor-element elementor-element-221738a elementor-widget__width-initial elementor-widget-mobile__width-initial elementor-widget elementor-widget-image\" data-id=\"221738a\" data-element_type=\"widget\" data-e-type=\"widget\" data-widget_type=\"image.default\">\n\t\t\t\t<div class=\"elementor-widget-container\">\n\t\t\t\t\t\t\t\t\t\t\t\t\t\t\t<img loading=\"lazy\" decoding=\"async\" width=\"768\" height=\"768\" src=\"https:\/\/hopupusurfcadiz.com\/wp-content\/uploads\/2021\/09\/laura2-768x768.jpg\" class=\"attachment-medium_large size-medium_large wp-image-2276\" alt=\"Laura de Hopupu Surf C\u00e1diz.\" srcset=\"https:\/\/hopupusurfcadiz.com\/wp-content\/uploads\/2021\/09\/laura2-768x768.jpg 768w, https:\/\/hopupusurfcadiz.com\/wp-content\/uploads\/2021\/09\/laura2-300x300.jpg 300w, https:\/\/hopupusurfcadiz.com\/wp-content\/uploads\/2021\/09\/laura2-1024x1024.jpg 1024w, https:\/\/hopupusurfcadiz.com\/wp-content\/uploads\/2021\/09\/laura2-150x150.jpg 150w, https:\/\/hopupusurfcadiz.com\/wp-content\/uploads\/2021\/09\/laura2-1536x1536.jpg 1536w, https:\/\/hopupusurfcadiz.com\/wp-content\/uploads\/2021\/09\/laura2-2048x2048.jpg 2048w, https:\/\/hopupusurfcadiz.com\/wp-content\/uploads\/2021\/09\/laura2-1200x1200.jpg 1200w, https:\/\/hopupusurfcadiz.com\/wp-content\/uploads\/2021\/09\/laura2-100x100.jpg 100w\" sizes=\"(max-width: 768px) 100vw, 768px\" \/>\t\t\t\t\t\t\t\t\t\t\t\t\t\t\t<\/div>\n\t\t\t\t<\/div>\n\t\t\t\t<div class=\"elementor-element elementor-element-5ec81e1 elementor-widget__width-initial elementor-widget-mobile__width-initial elementor-widget elementor-widget-image\" data-id=\"5ec81e1\" data-element_type=\"widget\" data-e-type=\"widget\" data-widget_type=\"image.default\">\n\t\t\t\t<div class=\"elementor-widget-container\">\n\t\t\t\t\t\t\t\t\t\t\t\t\t\t\t<img loading=\"lazy\" decoding=\"async\" width=\"768\" height=\"768\" src=\"https:\/\/hopupusurfcadiz.com\/wp-content\/uploads\/2021\/09\/surferdog-768x768.jpg\" class=\"attachment-medium_large size-medium_large wp-image-2277\" alt=\"Perro surfero\" srcset=\"https:\/\/hopupusurfcadiz.com\/wp-content\/uploads\/2021\/09\/surferdog-768x768.jpg 768w, https:\/\/hopupusurfcadiz.com\/wp-content\/uploads\/2021\/09\/surferdog-300x300.jpg 300w, https:\/\/hopupusurfcadiz.com\/wp-content\/uploads\/2021\/09\/surferdog-1024x1024.jpg 1024w, https:\/\/hopupusurfcadiz.com\/wp-content\/uploads\/2021\/09\/surferdog-150x150.jpg 150w, https:\/\/hopupusurfcadiz.com\/wp-content\/uploads\/2021\/09\/surferdog-1536x1536.jpg 1536w, https:\/\/hopupusurfcadiz.com\/wp-content\/uploads\/2021\/09\/surferdog-2048x2048.jpg 2048w, https:\/\/hopupusurfcadiz.com\/wp-content\/uploads\/2021\/09\/surferdog-1200x1200.jpg 1200w, https:\/\/hopupusurfcadiz.com\/wp-content\/uploads\/2021\/09\/surferdog-100x100.jpg 100w\" sizes=\"(max-width: 768px) 100vw, 768px\" \/>\t\t\t\t\t\t\t\t\t\t\t\t\t\t\t<\/div>\n\t\t\t\t<\/div>\n\t\t\t\t\t<\/div>\n\t\t<\/div>\n\t\t\t\t\t<\/div>\n\t\t<\/section>\n\t\t\t\t<section class=\"elementor-section elementor-top-section elementor-element elementor-element-28baea1 elementor-reverse-mobile elementor-section-boxed elementor-section-height-default elementor-section-height-default\" data-id=\"28baea1\" data-element_type=\"section\" data-e-type=\"section\">\n\t\t\t\t\t\t<div class=\"elementor-container elementor-column-gap-default\">\n\t\t\t\t\t<div class=\"elementor-column elementor-col-50 elementor-top-column elementor-element elementor-element-53c5acb\" data-id=\"53c5acb\" data-element_type=\"column\" data-e-type=\"column\">\n\t\t\t<div class=\"elementor-widget-wrap\">\n\t\t\t\t\t\t\t<\/div>\n\t\t<\/div>\n\t\t\t\t<div class=\"elementor-column elementor-col-50 elementor-top-column elementor-element elementor-element-629aca6\" data-id=\"629aca6\" data-element_type=\"column\" data-e-type=\"column\">\n\t\t\t<div class=\"elementor-widget-wrap elementor-element-populated\">\n\t\t\t\t\t\t<div class=\"elementor-element elementor-element-fe84af6 elementor-widget elementor-widget-heading\" data-id=\"fe84af6\" data-element_type=\"widget\" data-e-type=\"widget\" data-widget_type=\"heading.default\">\n\t\t\t\t<div class=\"elementor-widget-container\">\n\t\t\t\t\t<h2 class=\"elementor-heading-title elementor-size-default\">Laura Austry<\/h2>\t\t\t\t<\/div>\n\t\t\t\t<\/div>\n\t\t\t\t<div class=\"elementor-element elementor-element-5c64918 olab-decorative-border elementor-widget__width-auto elementor-widget-divider--view-line elementor-widget elementor-widget-divider\" data-id=\"5c64918\" data-element_type=\"widget\" data-e-type=\"widget\" data-widget_type=\"divider.default\">\n\t\t\t\t<div class=\"elementor-widget-container\">\n\t\t\t\t\t\t\t<div class=\"elementor-divider\">\n\t\t\t<span class=\"elementor-divider-separator\">\n\t\t\t\t\t\t<\/span>\n\t\t<\/div>\n\t\t\t\t\t\t<\/div>\n\t\t\t\t<\/div>\n\t\t\t\t<div class=\"elementor-element elementor-element-f83c8eb elementor-widget elementor-widget-text-editor\" data-id=\"f83c8eb\" data-element_type=\"widget\" data-e-type=\"widget\" data-widget_type=\"text-editor.default\">\n\t\t\t\t<div class=\"elementor-widget-container\">\n\t\t\t\t\t\t\t\t\t<p>The Wahine<\/p>\t\t\t\t\t\t\t\t<\/div>\n\t\t\t\t<\/div>\n\t\t\t\t<div class=\"elementor-element elementor-element-f6e2cea elementor-widget__width-initial elementor-widget elementor-widget-text-editor\" data-id=\"f6e2cea\" data-element_type=\"widget\" data-e-type=\"widget\" data-widget_type=\"text-editor.default\">\n\t\t\t\t<div class=\"elementor-widget-container\">\n\t\t\t\t\t\t\t\t\tA technical instructor, perfect for beginners and intermediate levels, she&#039;s an expert with children. She creates a fun and safe environment for the most enjoyable learning experience. It will be a pleasure to attend one of her classes. Sharp, empathetic, and protective, no one can resist her, no matter how scared they are.\t\t\t\t\t\t\t\t<\/div>\n\t\t\t\t<\/div>\n\t\t\t\t\t<\/div>\n\t\t<\/div>\n\t\t\t\t\t<\/div>\n\t\t<\/section>\n\t\t\t\t<\/div>","protected":false},"excerpt":{"rendered":"<p>Conoce a nuestro equipo El surf y el mar es nuestra vida. Willy \u00c1lvarez El Kahuna Director t\u00e9cnico, con m\u00e1s de 20 a\u00f1os impartiendo clases. Juez internacional de surf desde 1996, experto en seguridad y organizaci\u00f3n de actividades en el medio marino.Con su m\u00e9todo natural de entrenamiento de tecnificaci\u00f3n \u201cSurfit\u201d perfecciona a los alumnos m\u00e1s [&hellip;]<\/p>\n","protected":false},"author":1,"featured_media":0,"parent":0,"menu_order":0,"comment_status":"closed","ping_status":"closed","template":"","meta":{"footnotes":""},"class_list":["post-111","page","type-page","status-publish","hentry"],"_links":{"self":[{"href":"https:\/\/hopupusurfcadiz.com\/en\/wp-json\/wp\/v2\/pages\/111","targetHints":{"allow":["GET"]}}],"collection":[{"href":"https:\/\/hopupusurfcadiz.com\/en\/wp-json\/wp\/v2\/pages"}],"about":[{"href":"https:\/\/hopupusurfcadiz.com\/en\/wp-json\/wp\/v2\/types\/page"}],"author":[{"embeddable":true,"href":"https:\/\/hopupusurfcadiz.com\/en\/wp-json\/wp\/v2\/users\/1"}],"replies":[{"embeddable":true,"href":"https:\/\/hopupusurfcadiz.com\/en\/wp-json\/wp\/v2\/comments?post=111"}],"version-history":[{"count":3,"href":"https:\/\/hopupusurfcadiz.com\/en\/wp-json\/wp\/v2\/pages\/111\/revisions"}],"predecessor-version":[{"id":4260,"href":"https:\/\/hopupusurfcadiz.com\/en\/wp-json\/wp\/v2\/pages\/111\/revisions\/4260"}],"wp:attachment":[{"href":"https:\/\/hopupusurfcadiz.com\/en\/wp-json\/wp\/v2\/media?parent=111"}],"curies":[{"name":"wp","href":"https:\/\/api.w.org\/{rel}","templated":true}]}}