{"id":998,"date":"2021-05-31T10:23:04","date_gmt":"2021-05-31T10:23:04","guid":{"rendered":"http:\/\/www.hopupusurfcadiz.com\/?page_id=998"},"modified":"2021-10-03T21:52:51","modified_gmt":"2021-10-03T19:52:51","slug":"politica-de-privacidad","status":"publish","type":"page","link":"https:\/\/hopupusurfcadiz.com\/en\/politica-de-privacidad\/","title":{"rendered":"Privacy Policy"},"content":{"rendered":"<div data-elementor-type=\"wp-page\" data-elementor-id=\"998\" class=\"elementor elementor-998\" data-elementor-post-type=\"page\">\n\t\t\t\t\t\t<section class=\"elementor-section elementor-top-section elementor-element elementor-element-281ff79 elementor-section-height-min-height elementor-section-boxed elementor-section-height-default elementor-section-items-middle\" data-id=\"281ff79\" data-element_type=\"section\" data-e-type=\"section\" data-settings=\"{&quot;background_background&quot;:&quot;classic&quot;}\">\n\t\t\t\t\t\t<div class=\"elementor-container elementor-column-gap-default\">\n\t\t\t\t\t<div class=\"elementor-column elementor-col-100 elementor-top-column elementor-element elementor-element-b0a89f7\" data-id=\"b0a89f7\" data-element_type=\"column\" data-e-type=\"column\">\n\t\t\t<div class=\"elementor-widget-wrap elementor-element-populated\">\n\t\t\t\t\t\t<div class=\"elementor-element elementor-element-4b70d9a elementor-widget elementor-widget-heading\" data-id=\"4b70d9a\" data-element_type=\"widget\" data-e-type=\"widget\" data-widget_type=\"heading.default\">\n\t\t\t\t<div class=\"elementor-widget-container\">\n\t\t\t\t\t<h2 class=\"elementor-heading-title elementor-size-default\">Privacy Policy<\/h2>\t\t\t\t<\/div>\n\t\t\t\t<\/div>\n\t\t\t\t\t<\/div>\n\t\t<\/div>\n\t\t\t\t\t<\/div>\n\t\t<\/section>\n\t\t\t\t<section class=\"elementor-section elementor-top-section elementor-element elementor-element-dad6d89 elementor-section-boxed elementor-section-height-default elementor-section-height-default\" data-id=\"dad6d89\" data-element_type=\"section\" data-e-type=\"section\">\n\t\t\t\t\t\t<div class=\"elementor-container elementor-column-gap-default\">\n\t\t\t\t\t<div class=\"elementor-column elementor-col-100 elementor-top-column elementor-element elementor-element-56b0a8a\" data-id=\"56b0a8a\" data-element_type=\"column\" data-e-type=\"column\">\n\t\t\t<div class=\"elementor-widget-wrap elementor-element-populated\">\n\t\t\t\t\t\t<div class=\"elementor-element elementor-element-13dae91 olab-custom-accordion elementor-widget elementor-widget-accordion\" data-id=\"13dae91\" data-element_type=\"widget\" data-e-type=\"widget\" data-widget_type=\"accordion.default\">\n\t\t\t\t<div class=\"elementor-widget-container\">\n\t\t\t\t\t\t\t<div class=\"elementor-accordion\">\n\t\t\t\t\t\t\t<div class=\"elementor-accordion-item\">\n\t\t\t\t\t<div id=\"elementor-tab-title-2081\" class=\"elementor-tab-title\" data-tab=\"1\" role=\"button\" aria-controls=\"elementor-tab-content-2081\" aria-expanded=\"false\">\n\t\t\t\t\t\t\t\t\t\t\t\t\t<span class=\"elementor-accordion-icon elementor-accordion-icon-left\" aria-hidden=\"true\">\n\t\t\t\t\t\t\t\t\t\t\t\t\t\t\t<span class=\"elementor-accordion-icon-closed\"><svg xmlns=\"http:\/\/www.w3.org\/2000\/svg\" width=\"8\" height=\"13\" viewbox=\"0 0 8 13\" fill=\"none\"><path d=\"M1 11.5L6 6.5L1 1.5\" stroke=\"#2BCCBF\" stroke-width=\"2\"><\/path><\/svg><\/span>\n\t\t\t\t\t\t\t\t<span class=\"elementor-accordion-icon-opened\"><svg xmlns=\"http:\/\/www.w3.org\/2000\/svg\" width=\"12\" height=\"8\" viewbox=\"0 0 12 8\" fill=\"none\"><path d=\"M1 1L6 6L11 0.999998\" stroke=\"#2BCCBF\" stroke-width=\"2\"><\/path><\/svg><\/span>\n\t\t\t\t\t\t\t\t\t\t\t\t\t\t<\/span>\n\t\t\t\t\t\t\t\t\t\t\t\t<a class=\"elementor-accordion-title\" tabindex=\"0\">Data Controller - Who is responsible for data processing?<\/a>\n\t\t\t\t\t<\/div>\n\t\t\t\t\t<div id=\"elementor-tab-content-2081\" class=\"elementor-tab-content elementor-clearfix\" data-tab=\"1\" role=\"region\" aria-labelledby=\"elementor-tab-title-2081\"><p><strong>Identity:<\/strong> Hopupu<br \/><strong>Registered office:<\/strong> Fernandez Ladreda Avenue N9 CP11008 Cadiz<br \/><strong>CIF:<\/strong> B72286081<br \/><strong>Email:<\/strong> hola@hopupu.com<br \/><strong>Contact<\/strong>: Willy \u00c1lvarez and Laura Austry<br \/><strong>Domain name:<\/strong> hola@hopupu.com<\/p><\/div>\n\t\t\t\t<\/div>\n\t\t\t\t\t\t\t<div class=\"elementor-accordion-item\">\n\t\t\t\t\t<div id=\"elementor-tab-title-2082\" class=\"elementor-tab-title\" data-tab=\"2\" role=\"button\" aria-controls=\"elementor-tab-content-2082\" aria-expanded=\"false\">\n\t\t\t\t\t\t\t\t\t\t\t\t\t<span class=\"elementor-accordion-icon elementor-accordion-icon-left\" aria-hidden=\"true\">\n\t\t\t\t\t\t\t\t\t\t\t\t\t\t\t<span class=\"elementor-accordion-icon-closed\"><svg xmlns=\"http:\/\/www.w3.org\/2000\/svg\" width=\"8\" height=\"13\" viewbox=\"0 0 8 13\" fill=\"none\"><path d=\"M1 11.5L6 6.5L1 1.5\" stroke=\"#2BCCBF\" stroke-width=\"2\"><\/path><\/svg><\/span>\n\t\t\t\t\t\t\t\t<span class=\"elementor-accordion-icon-opened\"><svg xmlns=\"http:\/\/www.w3.org\/2000\/svg\" width=\"12\" height=\"8\" viewbox=\"0 0 12 8\" fill=\"none\"><path d=\"M1 1L6 6L11 0.999998\" stroke=\"#2BCCBF\" stroke-width=\"2\"><\/path><\/svg><\/span>\n\t\t\t\t\t\t\t\t\t\t\t\t\t\t<\/span>\n\t\t\t\t\t\t\t\t\t\t\t\t<a class=\"elementor-accordion-title\" tabindex=\"0\">Purposes \u2013 For what purposes do we process your data?<\/a>\n\t\t\t\t\t<\/div>\n\t\t\t\t\t<div id=\"elementor-tab-content-2082\" class=\"elementor-tab-content elementor-clearfix\" data-tab=\"2\" role=\"region\" aria-labelledby=\"elementor-tab-title-2082\"><p>In compliance with the provisions of the European General Data Protection Regulation 2016\/679, we inform you that we will process the data you provide to us for:<\/p><p>Manage the contracting of services you carry out through the Platform, as well as the corresponding billing and delivery.<br \/>Periodically send communications about services, events, and news related to the activities carried out by Hopupu, by any means (telephone, postal mail, or email), unless otherwise indicated or the user objects or revokes their consent.<br \/>Send commercial and\/or promotional information related to the contracted services sector and added value for end users, unless otherwise indicated or the user objects or revokes their consent.<br \/>Compliance with legally established obligations, as well as verifying compliance with contractual obligations, included fraud prevention.<br \/>Transfer of data to agencies and authorities, provided that they are required in accordance with legal and regulatory provisions.<\/p><\/div>\n\t\t\t\t<\/div>\n\t\t\t\t\t\t\t<div class=\"elementor-accordion-item\">\n\t\t\t\t\t<div id=\"elementor-tab-title-2083\" class=\"elementor-tab-title\" data-tab=\"3\" role=\"button\" aria-controls=\"elementor-tab-content-2083\" aria-expanded=\"false\">\n\t\t\t\t\t\t\t\t\t\t\t\t\t<span class=\"elementor-accordion-icon elementor-accordion-icon-left\" aria-hidden=\"true\">\n\t\t\t\t\t\t\t\t\t\t\t\t\t\t\t<span class=\"elementor-accordion-icon-closed\"><svg xmlns=\"http:\/\/www.w3.org\/2000\/svg\" width=\"8\" height=\"13\" viewbox=\"0 0 8 13\" fill=\"none\"><path d=\"M1 11.5L6 6.5L1 1.5\" stroke=\"#2BCCBF\" stroke-width=\"2\"><\/path><\/svg><\/span>\n\t\t\t\t\t\t\t\t<span class=\"elementor-accordion-icon-opened\"><svg xmlns=\"http:\/\/www.w3.org\/2000\/svg\" width=\"12\" height=\"8\" viewbox=\"0 0 12 8\" fill=\"none\"><path d=\"M1 1L6 6L11 0.999998\" stroke=\"#2BCCBF\" stroke-width=\"2\"><\/path><\/svg><\/span>\n\t\t\t\t\t\t\t\t\t\t\t\t\t\t<\/span>\n\t\t\t\t\t\t\t\t\t\t\t\t<a class=\"elementor-accordion-title\" tabindex=\"0\">Data categories \u2013 What data do we process?<\/a>\n\t\t\t\t\t<\/div>\n\t\t\t\t\t<div id=\"elementor-tab-content-2083\" class=\"elementor-tab-content elementor-clearfix\" data-tab=\"3\" role=\"region\" aria-labelledby=\"elementor-tab-title-2083\"><p>Identification data<br \/>Electronic communications metadata<br \/>Commercial information. If the user provides third-party data, they declare that they have their consent and undertake to provide them with the information contained in this clause, exempting Hopupu from any liability in this regard.<br \/>However, Hopupu may carry out verifications to confirm this fact, adopting the appropriate due diligence measures in accordance with data protection regulations.<\/p><\/div>\n\t\t\t\t<\/div>\n\t\t\t\t\t\t\t<div class=\"elementor-accordion-item\">\n\t\t\t\t\t<div id=\"elementor-tab-title-2084\" class=\"elementor-tab-title\" data-tab=\"4\" role=\"button\" aria-controls=\"elementor-tab-content-2084\" aria-expanded=\"false\">\n\t\t\t\t\t\t\t\t\t\t\t\t\t<span class=\"elementor-accordion-icon elementor-accordion-icon-left\" aria-hidden=\"true\">\n\t\t\t\t\t\t\t\t\t\t\t\t\t\t\t<span class=\"elementor-accordion-icon-closed\"><svg xmlns=\"http:\/\/www.w3.org\/2000\/svg\" width=\"8\" height=\"13\" viewbox=\"0 0 8 13\" fill=\"none\"><path d=\"M1 11.5L6 6.5L1 1.5\" stroke=\"#2BCCBF\" stroke-width=\"2\"><\/path><\/svg><\/span>\n\t\t\t\t\t\t\t\t<span class=\"elementor-accordion-icon-opened\"><svg xmlns=\"http:\/\/www.w3.org\/2000\/svg\" width=\"12\" height=\"8\" viewbox=\"0 0 12 8\" fill=\"none\"><path d=\"M1 1L6 6L11 0.999998\" stroke=\"#2BCCBF\" stroke-width=\"2\"><\/path><\/svg><\/span>\n\t\t\t\t\t\t\t\t\t\t\t\t\t\t<\/span>\n\t\t\t\t\t\t\t\t\t\t\t\t<a class=\"elementor-accordion-title\" tabindex=\"0\">Legitimacy \u2013 What is the legitimacy for processing your data?<\/a>\n\t\t\t\t\t<\/div>\n\t\t\t\t\t<div id=\"elementor-tab-content-2084\" class=\"elementor-tab-content elementor-clearfix\" data-tab=\"4\" role=\"region\" aria-labelledby=\"elementor-tab-title-2084\"><p>The processing of data for the purpose of sending periodic newsletters about services, events, and news related to our professional activity is based on the consent of the data subject, expressly requested for such processing, in accordance with current regulations.<br \/>Furthermore, the legitimacy for processing data related to offers or collaborations is based on the consent of the user who submits their data, which they can withdraw at any time, although this may affect possible fluid communication and hinder the processes they wish to carry out.<br \/>Finally, the data may be used to comply with the legal obligations applicable to Hopupu.<\/p><\/div>\n\t\t\t\t<\/div>\n\t\t\t\t\t\t\t<div class=\"elementor-accordion-item\">\n\t\t\t\t\t<div id=\"elementor-tab-title-2085\" class=\"elementor-tab-title\" data-tab=\"5\" role=\"button\" aria-controls=\"elementor-tab-content-2085\" aria-expanded=\"false\">\n\t\t\t\t\t\t\t\t\t\t\t\t\t<span class=\"elementor-accordion-icon elementor-accordion-icon-left\" aria-hidden=\"true\">\n\t\t\t\t\t\t\t\t\t\t\t\t\t\t\t<span class=\"elementor-accordion-icon-closed\"><svg xmlns=\"http:\/\/www.w3.org\/2000\/svg\" width=\"8\" height=\"13\" viewbox=\"0 0 8 13\" fill=\"none\"><path d=\"M1 11.5L6 6.5L1 1.5\" stroke=\"#2BCCBF\" stroke-width=\"2\"><\/path><\/svg><\/span>\n\t\t\t\t\t\t\t\t<span class=\"elementor-accordion-icon-opened\"><svg xmlns=\"http:\/\/www.w3.org\/2000\/svg\" width=\"12\" height=\"8\" viewbox=\"0 0 12 8\" fill=\"none\"><path d=\"M1 1L6 6L11 0.999998\" stroke=\"#2BCCBF\" stroke-width=\"2\"><\/path><\/svg><\/span>\n\t\t\t\t\t\t\t\t\t\t\t\t\t\t<\/span>\n\t\t\t\t\t\t\t\t\t\t\t\t<a class=\"elementor-accordion-title\" tabindex=\"0\"> Data Retention Period \u2013 How long will we retain your data?<\/a>\n\t\t\t\t\t<\/div>\n\t\t\t\t\t<div id=\"elementor-tab-content-2085\" class=\"elementor-tab-content elementor-clearfix\" data-tab=\"5\" role=\"region\" aria-labelledby=\"elementor-tab-title-2085\"><p>Hopupu will retain users&#039; personal data only for the time necessary to fulfill the purposes for which it was collected, as long as the consent granted is not revoked. Subsequently, if necessary, the information will be kept blocked for the legally established periods.<\/p><\/div>\n\t\t\t\t<\/div>\n\t\t\t\t\t\t\t<div class=\"elementor-accordion-item\">\n\t\t\t\t\t<div id=\"elementor-tab-title-2086\" class=\"elementor-tab-title\" data-tab=\"6\" role=\"button\" aria-controls=\"elementor-tab-content-2086\" aria-expanded=\"false\">\n\t\t\t\t\t\t\t\t\t\t\t\t\t<span class=\"elementor-accordion-icon elementor-accordion-icon-left\" aria-hidden=\"true\">\n\t\t\t\t\t\t\t\t\t\t\t\t\t\t\t<span class=\"elementor-accordion-icon-closed\"><svg xmlns=\"http:\/\/www.w3.org\/2000\/svg\" width=\"8\" height=\"13\" viewbox=\"0 0 8 13\" fill=\"none\"><path d=\"M1 11.5L6 6.5L1 1.5\" stroke=\"#2BCCBF\" stroke-width=\"2\"><\/path><\/svg><\/span>\n\t\t\t\t\t\t\t\t<span class=\"elementor-accordion-icon-opened\"><svg xmlns=\"http:\/\/www.w3.org\/2000\/svg\" width=\"12\" height=\"8\" viewbox=\"0 0 12 8\" fill=\"none\"><path d=\"M1 1L6 6L11 0.999998\" stroke=\"#2BCCBF\" stroke-width=\"2\"><\/path><\/svg><\/span>\n\t\t\t\t\t\t\t\t\t\t\t\t\t\t<\/span>\n\t\t\t\t\t\t\t\t\t\t\t\t<a class=\"elementor-accordion-title\" tabindex=\"0\">Recipients To which recipients will your data be communicated?<\/a>\n\t\t\t\t\t<\/div>\n\t\t\t\t\t<div id=\"elementor-tab-content-2086\" class=\"elementor-tab-content elementor-clearfix\" data-tab=\"6\" role=\"region\" aria-labelledby=\"elementor-tab-title-2086\"><p>Your data may be accessed by providers who provide services to Hopupu, such as hosting services, marketing tools, and content systems, or other professionals, when such communication is required by law or for the performance of contracted services.<\/p><p>Hopupu has signed the corresponding data processing contracts with each of the providers that provide services to Hopupu, with the aim of ensuring that said providers will process your data in accordance with current legislation.<\/p><p>They may also be transferred to the State Security Forces and Corps in cases where there is a legal obligation to do so.<\/p><p>Banks and financial institutions, for the collection of services.<br \/>Public administrations with jurisdiction in the sectors of activity, when established by current regulations.<\/p><\/div>\n\t\t\t\t<\/div>\n\t\t\t\t\t\t\t<div class=\"elementor-accordion-item\">\n\t\t\t\t\t<div id=\"elementor-tab-title-2087\" class=\"elementor-tab-title\" data-tab=\"7\" role=\"button\" aria-controls=\"elementor-tab-content-2087\" aria-expanded=\"false\">\n\t\t\t\t\t\t\t\t\t\t\t\t\t<span class=\"elementor-accordion-icon elementor-accordion-icon-left\" aria-hidden=\"true\">\n\t\t\t\t\t\t\t\t\t\t\t\t\t\t\t<span class=\"elementor-accordion-icon-closed\"><svg xmlns=\"http:\/\/www.w3.org\/2000\/svg\" width=\"8\" height=\"13\" viewbox=\"0 0 8 13\" fill=\"none\"><path d=\"M1 11.5L6 6.5L1 1.5\" stroke=\"#2BCCBF\" stroke-width=\"2\"><\/path><\/svg><\/span>\n\t\t\t\t\t\t\t\t<span class=\"elementor-accordion-icon-opened\"><svg xmlns=\"http:\/\/www.w3.org\/2000\/svg\" width=\"12\" height=\"8\" viewbox=\"0 0 12 8\" fill=\"none\"><path d=\"M1 1L6 6L11 0.999998\" stroke=\"#2BCCBF\" stroke-width=\"2\"><\/path><\/svg><\/span>\n\t\t\t\t\t\t\t\t\t\t\t\t\t\t<\/span>\n\t\t\t\t\t\t\t\t\t\t\t\t<a class=\"elementor-accordion-title\" tabindex=\"0\">Information Security \u2013 What security measures do we implement to protect your data?<\/a>\n\t\t\t\t\t<\/div>\n\t\t\t\t\t<div id=\"elementor-tab-content-2087\" class=\"elementor-tab-content elementor-clearfix\" data-tab=\"7\" role=\"region\" aria-labelledby=\"elementor-tab-title-2087\"><p>To protect the different types of data reflected in this privacy policy, we will implement the necessary technical security measures to prevent their loss, manipulation, dissemination, or alteration.<\/p><p>Encryption of communications between the user&#039;s device and Hopupu servers<br \/>Encryption of information on Hopupu&#039;s own servers<br \/>Other measures to prevent third parties from accessing user data.<br \/>In cases where Hopupu uses service providers located outside the European Union to maintain the platform, these international transfers have been regularized in accordance with Hopupu&#039;s commitment to the protection, integrity, and security of users&#039; personal data.<\/p><\/div>\n\t\t\t\t<\/div>\n\t\t\t\t\t\t\t<div class=\"elementor-accordion-item\">\n\t\t\t\t\t<div id=\"elementor-tab-title-2088\" class=\"elementor-tab-title\" data-tab=\"8\" role=\"button\" aria-controls=\"elementor-tab-content-2088\" aria-expanded=\"false\">\n\t\t\t\t\t\t\t\t\t\t\t\t\t<span class=\"elementor-accordion-icon elementor-accordion-icon-left\" aria-hidden=\"true\">\n\t\t\t\t\t\t\t\t\t\t\t\t\t\t\t<span class=\"elementor-accordion-icon-closed\"><svg xmlns=\"http:\/\/www.w3.org\/2000\/svg\" width=\"8\" height=\"13\" viewbox=\"0 0 8 13\" fill=\"none\"><path d=\"M1 11.5L6 6.5L1 1.5\" stroke=\"#2BCCBF\" stroke-width=\"2\"><\/path><\/svg><\/span>\n\t\t\t\t\t\t\t\t<span class=\"elementor-accordion-icon-opened\"><svg xmlns=\"http:\/\/www.w3.org\/2000\/svg\" width=\"12\" height=\"8\" viewbox=\"0 0 12 8\" fill=\"none\"><path d=\"M1 1L6 6L11 0.999998\" stroke=\"#2BCCBF\" stroke-width=\"2\"><\/path><\/svg><\/span>\n\t\t\t\t\t\t\t\t\t\t\t\t\t\t<\/span>\n\t\t\t\t\t\t\t\t\t\t\t\t<a class=\"elementor-accordion-title\" tabindex=\"0\">Rights \u2013 What are your rights when you provide us with your data and how can you exercise them?<\/a>\n\t\t\t\t\t<\/div>\n\t\t\t\t\t<div id=\"elementor-tab-content-2088\" class=\"elementor-tab-content elementor-clearfix\" data-tab=\"8\" role=\"region\" aria-labelledby=\"elementor-tab-title-2088\"><p>You have the right to obtain confirmation as to whether Hopupu is processing your personal data or not.<br \/>Likewise, you have the right to access your personal data, as well as to request the rectification of inaccurate data or, where appropriate, request its deletion when, among other reasons, the data is no longer necessary for the purposes for which it was collected.<\/p><p>In certain circumstances, you may request that the processing of your data be restricted, in which case we will only retain it for the exercise or defense of legal claims.<br \/>In certain circumstances and for reasons related to your particular situation, you may object to the processing of your data. Hopupu will stop processing your data except for compelling legitimate reasons or to exercise or defend potential legal claims.<\/p><p>Likewise, you can exercise your right to data portability and withdraw the consent you have provided at any time, without affecting the lawfulness of processing based on consent prior to its withdrawal.<\/p><p>If you wish to exercise any of your rights, please contact hola@hopupu.com.<\/p><p>Finally, we inform you that you can contact the Spanish Data Protection Agency and other competent public bodies with any complaints arising from the processing of your personal data.<\/p><\/div>\n\t\t\t\t<\/div>\n\t\t\t\t\t\t\t<div class=\"elementor-accordion-item\">\n\t\t\t\t\t<div id=\"elementor-tab-title-2089\" class=\"elementor-tab-title\" data-tab=\"9\" role=\"button\" aria-controls=\"elementor-tab-content-2089\" aria-expanded=\"false\">\n\t\t\t\t\t\t\t\t\t\t\t\t\t<span class=\"elementor-accordion-icon elementor-accordion-icon-left\" aria-hidden=\"true\">\n\t\t\t\t\t\t\t\t\t\t\t\t\t\t\t<span class=\"elementor-accordion-icon-closed\"><svg xmlns=\"http:\/\/www.w3.org\/2000\/svg\" width=\"8\" height=\"13\" viewbox=\"0 0 8 13\" fill=\"none\"><path d=\"M1 11.5L6 6.5L1 1.5\" stroke=\"#2BCCBF\" stroke-width=\"2\"><\/path><\/svg><\/span>\n\t\t\t\t\t\t\t\t<span class=\"elementor-accordion-icon-opened\"><svg xmlns=\"http:\/\/www.w3.org\/2000\/svg\" width=\"12\" height=\"8\" viewbox=\"0 0 12 8\" fill=\"none\"><path d=\"M1 1L6 6L11 0.999998\" stroke=\"#2BCCBF\" stroke-width=\"2\"><\/path><\/svg><\/span>\n\t\t\t\t\t\t\t\t\t\t\t\t\t\t<\/span>\n\t\t\t\t\t\t\t\t\t\t\t\t<a class=\"elementor-accordion-title\" tabindex=\"0\">Modification of the privacy policy<\/a>\n\t\t\t\t\t<\/div>\n\t\t\t\t\t<div id=\"elementor-tab-content-2089\" class=\"elementor-tab-content elementor-clearfix\" data-tab=\"9\" role=\"region\" aria-labelledby=\"elementor-tab-title-2089\"><p>Hopupu may modify this Privacy Policy at any time, and subsequent versions will be published on the Website. In any case, Hopupu will notify users of any modifications to this policy that affect them in advance so that they can accept them.<\/p><p>This Privacy Policy was updated as of December 27, 2018. Hopupu (Spain). All rights reserved.<\/p><p>If you wish you can also consult our <a href=\"https:\/\/hopupusurfcadiz.com\/en\/politicas-de-cookies\/\">Cookie Policy<\/a><\/p><\/div>\n\t\t\t\t<\/div>\n\t\t\t\t\t\t\t\t<\/div>\n\t\t\t\t\t\t<\/div>\n\t\t\t\t<\/div>\n\t\t\t\t\t<\/div>\n\t\t<\/div>\n\t\t\t\t\t<\/div>\n\t\t<\/section>\n\t\t\t\t<\/div>","protected":false},"excerpt":{"rendered":"<p>Pol\u00edtica de privacidad Responsable &#8211; \u00bfQui\u00e9n es el responsable del tratamiento de los datos? Identidad: Hopupu Domicilio social: Avda Fern\u00e1ndez Ladreda N9 CP11008 C\u00e1diz CIF: B72286081 Correo Electr\u00f3nico: hola@hopupu.com Contacto: Willy \u00c1lvarez y Laura Austry Nombre del dominio: hola@hopupu.com Finalidades \u2013 \u00bfcon qu\u00e9 finalidades tratamos tus datos? En cumplimiento de lo dispuesto en el Reglamento [&hellip;]<\/p>\n","protected":false},"author":3,"featured_media":0,"parent":0,"menu_order":0,"comment_status":"closed","ping_status":"closed","template":"","meta":{"footnotes":""},"class_list":["post-998","page","type-page","status-publish","hentry"],"_links":{"self":[{"href":"https:\/\/hopupusurfcadiz.com\/en\/wp-json\/wp\/v2\/pages\/998","targetHints":{"allow":["GET"]}}],"collection":[{"href":"https:\/\/hopupusurfcadiz.com\/en\/wp-json\/wp\/v2\/pages"}],"about":[{"href":"https:\/\/hopupusurfcadiz.com\/en\/wp-json\/wp\/v2\/types\/page"}],"author":[{"embeddable":true,"href":"https:\/\/hopupusurfcadiz.com\/en\/wp-json\/wp\/v2\/users\/3"}],"replies":[{"embeddable":true,"href":"https:\/\/hopupusurfcadiz.com\/en\/wp-json\/wp\/v2\/comments?post=998"}],"version-history":[{"count":0,"href":"https:\/\/hopupusurfcadiz.com\/en\/wp-json\/wp\/v2\/pages\/998\/revisions"}],"wp:attachment":[{"href":"https:\/\/hopupusurfcadiz.com\/en\/wp-json\/wp\/v2\/media?parent=998"}],"curies":[{"name":"wp","href":"https:\/\/api.w.org\/{rel}","templated":true}]}}