{"id":1432,"date":"2021-06-09T10:02:40","date_gmt":"2021-06-09T10:02:40","guid":{"rendered":"http:\/\/www.hopupusurfcadiz.com\/?post_type=product&#038;p=1432"},"modified":"2026-05-15T11:03:22","modified_gmt":"2026-05-15T09:03:22","slug":"campus-infantil","status":"publish","type":"product","link":"https:\/\/hopupusurfcadiz.com\/en\/tienda\/campus-infantil\/","title":{"rendered":"Campus n\u00e1utico"},"content":{"rendered":"<p>Se realizan desde la \u00faltima semana de <strong>Junio<\/strong> hasta fin de <strong>Agosto<\/strong> de lunes a viernes de <strong>9 a 2 de la tarde<\/strong>.<\/p>\n<p data-start=\"120\" data-end=\"370\">En nuestro campus aprender\u00e1s de manera natural, segura y divertida, adapt\u00e1ndonos al perfil de cada alumno\/a seg\u00fan su edad, habilidades y nivel. Todas las actividades se desarrollan atendiendo a la diversidad y siempre con la seguridad como prioridad.<\/p>\n<p data-start=\"372\" data-end=\"542\">El campus incluye la equipaci\u00f3n necesaria para todas las actividades y talleres, excepto prendas u objetos personales como zapatillas deportivas, gorra o botella de agua.<\/p>\n<p data-start=\"544\" data-end=\"821\">Cada d\u00eda se realiza una clase y entrenamiento de surf con tecnificaci\u00f3n y v\u00eddeo correcci\u00f3n, para ayudar a cada alumno\/a a mejorar su progresi\u00f3n. Tras el descanso y desayuno, se lleva a cabo un taller diferente, intentando adem\u00e1s fomentar el uso de idiomas durante la actividad.<\/p>\n<p data-start=\"823\" data-end=\"1033\">Los talleres incluyen skate, SUP, nataci\u00f3n, snorkel, apnea e iniciaci\u00f3n a la vela. La programaci\u00f3n podr\u00e1 adaptarse seg\u00fan la meteorolog\u00eda, contando siempre con socorristas, salvavidas y embarcaci\u00f3n de seguridad.<\/p>\n<p data-start=\"1035\" data-end=\"1059\"><strong data-start=\"1035\" data-end=\"1059\">Programaci\u00f3n del d\u00eda<\/strong><\/p>\n<ul>\n<li data-start=\"1061\" data-end=\"1244\">Clase y entrenamiento de surf con tecnificaci\u00f3n y v\u00eddeo correcci\u00f3n<\/li>\n<li data-start=\"1061\" data-end=\"1244\">Descanso \/ Desayuno<\/li>\n<li data-start=\"1061\" data-end=\"1244\">Taller del d\u00eda: skate, SUP, nataci\u00f3n, snorkel, apnea o iniciaci\u00f3n a la vela<\/li>\n<li data-start=\"1061\" data-end=\"1244\">Cierre del d\u00eda<\/li>\n<\/ul>\n<p>&nbsp;<\/p>","protected":false},"excerpt":{"rendered":"<p>\u00a1Reserva plaza en el Campus n\u00e1utico!<\/p>\n<p>&nbsp;<\/p>","protected":false},"featured_media":1925,"comment_status":"open","ping_status":"closed","template":"","meta":[],"product_brand":[],"product_cat":[22],"product_tag":[38],"class_list":{"0":"post-1432","1":"product","2":"type-product","3":"status-publish","4":"has-post-thumbnail","6":"product_cat-cursos","7":"product_tag-camp","9":"first","10":"instock","11":"sold-individually","12":"shipping-taxable","13":"purchasable","14":"product-type-variable"},"_links":{"self":[{"href":"https:\/\/hopupusurfcadiz.com\/en\/wp-json\/wp\/v2\/product\/1432","targetHints":{"allow":["GET"]}}],"collection":[{"href":"https:\/\/hopupusurfcadiz.com\/en\/wp-json\/wp\/v2\/product"}],"about":[{"href":"https:\/\/hopupusurfcadiz.com\/en\/wp-json\/wp\/v2\/types\/product"}],"replies":[{"embeddable":true,"href":"https:\/\/hopupusurfcadiz.com\/en\/wp-json\/wp\/v2\/comments?post=1432"}],"wp:featuredmedia":[{"embeddable":true,"href":"https:\/\/hopupusurfcadiz.com\/en\/wp-json\/wp\/v2\/media\/1925"}],"wp:attachment":[{"href":"https:\/\/hopupusurfcadiz.com\/en\/wp-json\/wp\/v2\/media?parent=1432"}],"wp:term":[{"taxonomy":"product_brand","embeddable":true,"href":"https:\/\/hopupusurfcadiz.com\/en\/wp-json\/wp\/v2\/product_brand?post=1432"},{"taxonomy":"product_cat","embeddable":true,"href":"https:\/\/hopupusurfcadiz.com\/en\/wp-json\/wp\/v2\/product_cat?post=1432"},{"taxonomy":"product_tag","embeddable":true,"href":"https:\/\/hopupusurfcadiz.com\/en\/wp-json\/wp\/v2\/product_tag?post=1432"}],"curies":[{"name":"wp","href":"https:\/\/api.w.org\/{rel}","templated":true}]}}